{"id":75,"date":"2019-04-23T20:08:28","date_gmt":"2019-04-23T18:08:28","guid":{"rendered":"http:\/\/thanakra.fr\/fr\/?page_id=75"},"modified":"2020-07-11T06:23:16","modified_gmt":"2020-07-11T04:23:16","slug":"mentions-legales","status":"publish","type":"page","link":"http:\/\/thanakra.fr\/fr\/mentions-legales\/","title":{"rendered":"Mentions l\u00e9gales"},"content":{"rendered":"<h3><span style=\"font-family: georgia, palatino, serif; font-size: 12pt;\">Mentions l\u00e9gales<\/span><\/h3>\n<p>Thanakra est une marque d\u00e9pos\u00e9e. Pour tout contact veuillez vous adresser \u00e0 Mr Henri Crouzet<\/p>\n<p><span style=\"font-family: georgia, palatino, serif; font-size: 12pt;\">Mail: contact@thanakra.com<\/span><\/p>\n<p>&nbsp;<\/p>\n<p>&nbsp;<\/p>\n<p><span style=\"font-family: georgia, palatino, serif; font-size: 12pt;\">H\u00e9bergement par OVH:<\/span><\/p>\n<p><span style=\"font-family: georgia, palatino, serif; font-size: 12pt;\">SAS au capital de 10 069 020 \u20ac<\/span><br \/>\n<span style=\"font-family: georgia, palatino, serif; font-size: 12pt;\">RCS Lille M\u00e9tropole 424 761 419 00045<\/span><br \/>\n<span style=\"font-family: georgia, palatino, serif; font-size: 12pt;\">Code APE 2620Z<\/span><br \/>\n<span style=\"font-family: georgia, palatino, serif; font-size: 12pt;\">N\u00b0 TVA : FR 22 424 761 419<\/span><br \/>\n<span style=\"font-family: georgia, palatino, serif; font-size: 12pt;\">Si\u00e8ge social : 2 rue Kellermann &#8211; 59100 Roubaix &#8211; France <\/span><\/p>\n<p>&nbsp;<\/p>\n<p><span style=\"font-family: georgia, palatino, serif;\">Les informations figurant sur ce site rel\u00e8vent des lois fran\u00e7aises et sont fournies sans garanties d&rsquo;aucunes sortes, ni implicites ni explicites. Ces informations, pouvant contenir des erreurs techniques ou typographiques, sont non contractuelles et sont susceptibles de modifications sans pr\u00e9avis.<\/span><\/p>\n<p><span style=\"font-family: georgia, palatino, serif;\">L&rsquo;ensemble du contenu de ce site (logo, textes et images) est la propri\u00e9t\u00e9 exclusive d&rsquo;Henri Crouzet ou des d\u00e9tenteurs de droits mentionn\u00e9s. Il en ressort que tout usage ou reproduction partielle ou non du contenu de ce site et sur quelque support que ce soit est interdite sauf accord pr\u00e9alable et \u00e9crit de la part de Henri Crouzet. Toute infraction \u00e0 cette interdiction pourra faire l&rsquo;objet de poursuites en responsabilit\u00e9.<\/span><\/p>\n<p><span style=\"font-family: georgia, palatino, serif;\">Henri Crouzet se d\u00e9gage de toute responsabilit\u00e9 relative au contenu de tout autre site auquel vous pourriez acc\u00e9der via le site de Thanakra. Il est express\u00e9ment entendu par l&rsquo;utilisateur de ce site qu&rsquo;en aucun cas Henri Crouzet ne pourra \u00eatre tenu pour responsable des dommages quelconques, directs ou indirects, mat\u00e9riels ou immat\u00e9riels ou sp\u00e9ciaux, r\u00e9sultant notamment de la consultation et\/ou de l&rsquo;utilisation de ce site web ou d&rsquo;autres sites qui lui sont li\u00e9s, comme des utilisations d&rsquo;informations textuelles, sonores ou visuelles qui auraient pu y \u00eatre recueillies et notamment de tout pr\u00e9judice financier ou commercial, de pertes de programmes ou de donn\u00e9es dans son syst\u00e8me d&rsquo;information ou autre.<\/span><\/p>\n<p><span style=\"font-family: georgia, palatino, serif;\">En l&rsquo;absence de tout engagement contractuel, Henri Crouzet peut \u00e0 tout moment supprimer toute information ou toute r\u00e9f\u00e9rence sur son site ou m\u00eame suspendre ledit site et ce discr\u00e9tionairement et sans pr\u00e9avis.<\/span><\/p>\n<p><span style=\"font-family: georgia, palatino, serif;\">Les bases de donn\u00e9es figurant sur le serveur Internet sont prot\u00e9g\u00e9es par la loi du 1er juillet 1998.<\/span><\/p>\n<p><span style=\"font-family: georgia, palatino, serif;\">Informations nominatives<\/span><br \/>\n<span style=\"font-family: georgia, palatino, serif;\">Les informations nominatives figurant sur ce site, ou collect\u00e9es par le moyen des formulaires \u00ab en ligne \u00bb, sont collect\u00e9es dans les conditions pr\u00e9vues par la loi fran\u00e7aise \u00ab informatique et libert\u00e9s \u00bb du 6 janvier 1978. Toute personne ayant fourni ces donn\u00e9es dispose d&rsquo;un droit d&rsquo;acc\u00e8s, de modification, de rectification et de suppression des donn\u00e9es en adressant un mail \u00e0 l\u2019administrateur du site.<\/span><\/p>\n","protected":false},"excerpt":{"rendered":"<p>Mentions l\u00e9gales Thanakra est une marque d\u00e9pos\u00e9e. Pour tout contact veuillez vous adresser \u00e0 Mr Henri Crouzet Mail: contact@thanakra.com &nbsp; &nbsp; H\u00e9bergement par OVH: SAS au capital de 10 069&hellip;<\/p>\n<p> <a class=\"more-link\" href=\"http:\/\/thanakra.fr\/fr\/mentions-legales\/\">Lire la suite<\/a><\/p>\n","protected":false},"author":1,"featured_media":0,"parent":0,"menu_order":0,"comment_status":"closed","ping_status":"closed","template":"","meta":[],"yoast_head":"<!-- This site is optimized with the Yoast SEO plugin v20.7 - https:\/\/yoast.com\/wordpress\/plugins\/seo\/ -->\n<title>Mentions l\u00e9gales - Thanakra - Tapis des tribus du Maroc<\/title>\n<meta name=\"robots\" content=\"index, follow, max-snippet:-1, max-image-preview:large, max-video-preview:-1\" \/>\n<link rel=\"canonical\" href=\"http:\/\/thanakra.fr\/fr\/mentions-legales\/\" \/>\n<meta property=\"og:locale\" content=\"fr_FR\" \/>\n<meta property=\"og:type\" content=\"article\" \/>\n<meta property=\"og:title\" content=\"Mentions l\u00e9gales - Thanakra - Tapis des tribus du Maroc\" \/>\n<meta property=\"og:description\" content=\"Mentions l\u00e9gales Thanakra est une marque d\u00e9pos\u00e9e. Pour tout contact veuillez vous adresser \u00e0 Mr Henri Crouzet Mail: contact@thanakra.com &nbsp; &nbsp; H\u00e9bergement par OVH: SAS au capital de 10 069&hellip;  Lire la suite\" \/>\n<meta property=\"og:url\" content=\"http:\/\/thanakra.fr\/fr\/mentions-legales\/\" \/>\n<meta property=\"og:site_name\" content=\"Thanakra - Tapis des tribus du Maroc\" \/>\n<meta property=\"article:modified_time\" content=\"2020-07-11T04:23:16+00:00\" \/>\n<meta name=\"twitter:card\" content=\"summary_large_image\" \/>\n<meta name=\"twitter:label1\" content=\"Dur\u00e9e de lecture estim\u00e9e\" \/>\n\t<meta name=\"twitter:data1\" content=\"2 minutes\" \/>\n<script type=\"application\/ld+json\" class=\"yoast-schema-graph\">{\"@context\":\"https:\/\/schema.org\",\"@graph\":[{\"@type\":\"WebPage\",\"@id\":\"http:\/\/thanakra.fr\/fr\/mentions-legales\/\",\"url\":\"http:\/\/thanakra.fr\/fr\/mentions-legales\/\",\"name\":\"Mentions l\u00e9gales - Thanakra - Tapis des tribus du Maroc\",\"isPartOf\":{\"@id\":\"http:\/\/thanakra.fr\/fr\/#website\"},\"datePublished\":\"2019-04-23T18:08:28+00:00\",\"dateModified\":\"2020-07-11T04:23:16+00:00\",\"breadcrumb\":{\"@id\":\"http:\/\/thanakra.fr\/fr\/mentions-legales\/#breadcrumb\"},\"inLanguage\":\"fr-FR\",\"potentialAction\":[{\"@type\":\"ReadAction\",\"target\":[\"http:\/\/thanakra.fr\/fr\/mentions-legales\/\"]}]},{\"@type\":\"BreadcrumbList\",\"@id\":\"http:\/\/thanakra.fr\/fr\/mentions-legales\/#breadcrumb\",\"itemListElement\":[{\"@type\":\"ListItem\",\"position\":1,\"name\":\"Accueil\",\"item\":\"http:\/\/thanakra.fr\/fr\/\"},{\"@type\":\"ListItem\",\"position\":2,\"name\":\"Mentions l\u00e9gales\"}]},{\"@type\":\"WebSite\",\"@id\":\"http:\/\/thanakra.fr\/fr\/#website\",\"url\":\"http:\/\/thanakra.fr\/fr\/\",\"name\":\"Thanakra - Tapis des tribus du Maroc\",\"description\":\"Tapis traditionnels des tribus et tapis d&#039;artisanat du Maroc\",\"publisher\":{\"@id\":\"http:\/\/thanakra.fr\/fr\/#organization\"},\"potentialAction\":[{\"@type\":\"SearchAction\",\"target\":{\"@type\":\"EntryPoint\",\"urlTemplate\":\"http:\/\/thanakra.fr\/fr\/?s={search_term_string}\"},\"query-input\":\"required name=search_term_string\"}],\"inLanguage\":\"fr-FR\"},{\"@type\":\"Organization\",\"@id\":\"http:\/\/thanakra.fr\/fr\/#organization\",\"name\":\"Thanakra\",\"url\":\"http:\/\/thanakra.fr\/fr\/\",\"logo\":{\"@type\":\"ImageObject\",\"inLanguage\":\"fr-FR\",\"@id\":\"http:\/\/thanakra.fr\/fr\/#\/schema\/logo\/image\/\",\"url\":\"http:\/\/thanakra.fr\/fr\/wp-content\/uploads\/2019\/04\/LogoOrangeNoir448pix.jpg\",\"contentUrl\":\"http:\/\/thanakra.fr\/fr\/wp-content\/uploads\/2019\/04\/LogoOrangeNoir448pix.jpg\",\"width\":448,\"height\":142,\"caption\":\"Thanakra\"},\"image\":{\"@id\":\"http:\/\/thanakra.fr\/fr\/#\/schema\/logo\/image\/\"}}]}<\/script>\n<!-- \/ Yoast SEO plugin. -->","yoast_head_json":{"title":"Mentions l\u00e9gales - Thanakra - Tapis des tribus du Maroc","robots":{"index":"index","follow":"follow","max-snippet":"max-snippet:-1","max-image-preview":"max-image-preview:large","max-video-preview":"max-video-preview:-1"},"canonical":"http:\/\/thanakra.fr\/fr\/mentions-legales\/","og_locale":"fr_FR","og_type":"article","og_title":"Mentions l\u00e9gales - Thanakra - Tapis des tribus du Maroc","og_description":"Mentions l\u00e9gales Thanakra est une marque d\u00e9pos\u00e9e. Pour tout contact veuillez vous adresser \u00e0 Mr Henri Crouzet Mail: contact@thanakra.com &nbsp; &nbsp; H\u00e9bergement par OVH: SAS au capital de 10 069&hellip;  Lire la suite","og_url":"http:\/\/thanakra.fr\/fr\/mentions-legales\/","og_site_name":"Thanakra - Tapis des tribus du Maroc","article_modified_time":"2020-07-11T04:23:16+00:00","twitter_card":"summary_large_image","twitter_misc":{"Dur\u00e9e de lecture estim\u00e9e":"2 minutes"},"schema":{"@context":"https:\/\/schema.org","@graph":[{"@type":"WebPage","@id":"http:\/\/thanakra.fr\/fr\/mentions-legales\/","url":"http:\/\/thanakra.fr\/fr\/mentions-legales\/","name":"Mentions l\u00e9gales - Thanakra - Tapis des tribus du Maroc","isPartOf":{"@id":"http:\/\/thanakra.fr\/fr\/#website"},"datePublished":"2019-04-23T18:08:28+00:00","dateModified":"2020-07-11T04:23:16+00:00","breadcrumb":{"@id":"http:\/\/thanakra.fr\/fr\/mentions-legales\/#breadcrumb"},"inLanguage":"fr-FR","potentialAction":[{"@type":"ReadAction","target":["http:\/\/thanakra.fr\/fr\/mentions-legales\/"]}]},{"@type":"BreadcrumbList","@id":"http:\/\/thanakra.fr\/fr\/mentions-legales\/#breadcrumb","itemListElement":[{"@type":"ListItem","position":1,"name":"Accueil","item":"http:\/\/thanakra.fr\/fr\/"},{"@type":"ListItem","position":2,"name":"Mentions l\u00e9gales"}]},{"@type":"WebSite","@id":"http:\/\/thanakra.fr\/fr\/#website","url":"http:\/\/thanakra.fr\/fr\/","name":"Thanakra - Tapis des tribus du Maroc","description":"Tapis traditionnels des tribus et tapis d&#039;artisanat du Maroc","publisher":{"@id":"http:\/\/thanakra.fr\/fr\/#organization"},"potentialAction":[{"@type":"SearchAction","target":{"@type":"EntryPoint","urlTemplate":"http:\/\/thanakra.fr\/fr\/?s={search_term_string}"},"query-input":"required name=search_term_string"}],"inLanguage":"fr-FR"},{"@type":"Organization","@id":"http:\/\/thanakra.fr\/fr\/#organization","name":"Thanakra","url":"http:\/\/thanakra.fr\/fr\/","logo":{"@type":"ImageObject","inLanguage":"fr-FR","@id":"http:\/\/thanakra.fr\/fr\/#\/schema\/logo\/image\/","url":"http:\/\/thanakra.fr\/fr\/wp-content\/uploads\/2019\/04\/LogoOrangeNoir448pix.jpg","contentUrl":"http:\/\/thanakra.fr\/fr\/wp-content\/uploads\/2019\/04\/LogoOrangeNoir448pix.jpg","width":448,"height":142,"caption":"Thanakra"},"image":{"@id":"http:\/\/thanakra.fr\/fr\/#\/schema\/logo\/image\/"}}]}},"_links":{"self":[{"href":"http:\/\/thanakra.fr\/fr\/wp-json\/wp\/v2\/pages\/75"}],"collection":[{"href":"http:\/\/thanakra.fr\/fr\/wp-json\/wp\/v2\/pages"}],"about":[{"href":"http:\/\/thanakra.fr\/fr\/wp-json\/wp\/v2\/types\/page"}],"author":[{"embeddable":true,"href":"http:\/\/thanakra.fr\/fr\/wp-json\/wp\/v2\/users\/1"}],"replies":[{"embeddable":true,"href":"http:\/\/thanakra.fr\/fr\/wp-json\/wp\/v2\/comments?post=75"}],"version-history":[{"count":8,"href":"http:\/\/thanakra.fr\/fr\/wp-json\/wp\/v2\/pages\/75\/revisions"}],"predecessor-version":[{"id":1924,"href":"http:\/\/thanakra.fr\/fr\/wp-json\/wp\/v2\/pages\/75\/revisions\/1924"}],"wp:attachment":[{"href":"http:\/\/thanakra.fr\/fr\/wp-json\/wp\/v2\/media?parent=75"}],"curies":[{"name":"wp","href":"https:\/\/api.w.org\/{rel}","templated":true}]}}